{"id":97,"date":"2022-01-27T10:58:35","date_gmt":"2022-01-27T10:58:35","guid":{"rendered":"http:\/\/cognito.mprinsdesign.nl\/?page_id=97"},"modified":"2025-03-11T10:08:48","modified_gmt":"2025-03-11T10:08:48","slug":"lokalizacja","status":"publish","type":"page","link":"https:\/\/absolute-estepona.info\/pl\/lokalizacja\/","title":{"rendered":"Lokalizacja"},"content":{"rendered":"<section class=\"wpb-content-wrapper\"><div  class=\"content_row row page-content vc_row wpb_row  default-style fullwidth\" >\n\t\n\t<div class=\"content_row_wrapper  default\" >\n\t<div id=\"asdasd\" class=\"vc_col-sm-12 wpb_column vc_column_container\" >\n\t<div class=\"vc_column-inner\">\n\t\t<div class=\"wpb_wrapper\" >\n\t\t\t<div class=\"rt_heading_wrapper no-style\">\n\t\t\t\t\t\t<h1 class=\"rt_heading  no-style\"  style=\"font-size:24px;margin-top:24px;margin-bottom:0px;\">Lokalizacja - <span class=\"after_h1\">Absolutna Estepona<\/span><\/h1> \n\t\t\t\t\t<\/div><div class=\"vc_empty_space\"   style=\"height: 32px\"><span class=\"vc_empty_space_inner\"><\/span><\/div><div class=\"vc_separator wpb_content_element vc_separator_align_center vc_sep_width_100 vc_sep_style-4 vc_sep_pos_align_center vc_separator_no_text vc_sep_color_grey\" ><span class=\"vc_sep_holder vc_sep_holder_l\"><span class=\"vc_sep_line\"><\/span><\/span><span class=\"vc_sep_holder vc_sep_holder_r\"><span class=\"vc_sep_line\"><\/span><\/span>\n<\/div>\n\t<div class=\"wpb_text_column wpb_content_element\" >\n\t\t<div class=\"wpb_wrapper\">\n\t\t\t<p><strong>Absolute Estepona ma idealn\u0105 lokalizacj\u0119. Oferuje wyj\u0105tkowy styl \u017cycia, \u0142\u0105cz\u0105c spok\u00f3j i cisz\u0119 dzielnicy mieszkalnej z wygod\u0105, jak\u0105 daje blisko\u015b\u0107 wszystkich udogodnie\u0144 i atrakcji, jakie maj\u0105 do zaoferowania Estepona i Costa del Sol. Jest to idealne miejsce dla os\u00f3b poszukuj\u0105cych sta\u0142ego miejsca zamieszkania, domu wakacyjnego lub inwestycji w nieruchomo\u015b\u0107. Blisko\u015b\u0107 p\u00f3l golfowych, pla\u017c i urokliwego miasteczka Estepona czyni go szczeg\u00f3lnie atrakcyjnym.<\/strong><\/p>\n<p><strong>Pla\u017ce i linia brzegowa Absolute Estepona<\/strong><\/p>\n<p><em>Pla\u017ce:<\/em> Osiedle jest dogodnie zlokalizowane, blisko kilku pi\u0119knych pla\u017c. W pobli\u017cu:<\/p>\n<ul>\n<li>Playa de Guadalob\u00f3n: Spokojniejsza, bardziej naturalna pla\u017ca, idealna na relaks.<\/li>\n<li>Playa del Cristo: Popularna, os\u0142oni\u0119ta zatoka o spokojnych wodach, idealna dla rodzin.<\/li>\n<li>Playa de la Rada: G\u0142\u00f3wna pla\u017ca Estepony, d\u0142ugi pas piasku z licznymi chiringuitos (barami na pla\u017cy) i restauracjami. (To miejsce jest bli\u017cej centrum Estepony, ale nadal \u0142atwo dost\u0119pne).<\/li>\n<\/ul>\n<p><em>Przysta\u0144:<\/em> W pobli\u017cu znajduje si\u0119 marina Estepona, oferuj\u0105ca wycieczki \u0142odzi\u0105, sporty wodne oraz t\u0119tni\u0105c\u0105 \u017cyciem atmosfer\u0119 z restauracjami i barami.<\/p>\n<p><strong>Pola golfowe tu\u017c za rogiem<\/strong><\/p>\n<ul>\n<li>Valle Romano Golf &amp; Resort: S\u0142ynny o\u015brodek golfowy Valle Romano Golf &amp; Resort znajduje si\u0119 praktycznie u progu domu i oferuje 18-do\u0142kowe mistrzowskie pole golfowe oraz doskona\u0142e zaplecze.<\/li>\n<li>Estepona Golf: R\u00f3wnie\u017c po\u0142o\u017cone niedaleko pole golfowe s\u0142ynie z trudnego uk\u0142adu i pi\u0119knych widok\u00f3w.<\/li>\n<li>Azata Golf: To stosunkowo nowe pole golfowe znajduje si\u0119 w pobli\u017cu Absolute Estepona.<\/li>\n<\/ul>\n<p>W pobli\u017cu znajduje si\u0119 wiele innych p\u00f3l golfowych, w tym s\u0142ynne pola golfowe Valderrama.<\/p>\n<p><strong>Udogodnienia i us\u0142ugi:<\/strong><\/p>\n<ul>\n<li>Supermarkety: W niewielkiej odleg\u0142o\u015bci od obiektu znajduje si\u0119 kilka supermarket\u00f3w (Mercadona, Lidl, Aldi, Carrefour Express), co u\u0142atwia zakupy.<\/li>\n<li>Restauracje i bary: W najbli\u017cszej okolicy oraz w pobliskim centrum Estepony czeka na go\u015bci szeroka gama lokali gastronomicznych, od tradycyjnych hiszpa\u0144skich bar\u00f3w tapas po kuchni\u0119 mi\u0119dzynarodow\u0105.<\/li>\n<li>Sklepy: W centrum Estepony znajduje si\u0119 wiele sklep\u00f3w, w tym butiki, sklepy odzie\u017cowe i sklepy z pami\u0105tkami.<\/li>\n<li>Opieka zdrowotna: \u0141atwy dost\u0119p do szpitala publicznego w Esteponie oraz kilku prywatnych klinik.<\/li>\n<li>Szko\u0142y: W regionie Estepony znajduje si\u0119 wiele szk\u00f3\u0142, zar\u00f3wno hiszpa\u0144skich, jak i mi\u0119dzynarodowych.<\/li>\n<li>Inne: Apteki, banki i inne niezb\u0119dne us\u0142ugi s\u0105 \u0142atwo dost\u0119pne.<\/li>\n<\/ul>\n<p><strong>Wypoczynek i rekreacja:<\/strong><\/p>\n<ul>\n<li>Selwo Aventura: Du\u017cy park przyrodniczy, g\u0142\u00f3wna atrakcja dla rodzin (znajduje si\u0119 nieco dalej, ale stanowi g\u0142\u00f3wn\u0105 atrakcj\u0119 tego obszaru).<\/li>\n<li>W\u0119dr\u00f3wki piesze i przyroda: G\u00f3ry Sierra Bermeja oferuj\u0105 mo\u017cliwo\u015bci spacer\u00f3w i podziwiania naturalnego pi\u0119kna regionu.<\/li>\n<li>Stare Miasto w Esteponie: Urokliwe zabytkowe centrum Estepony z w\u0105skimi uliczkami, placami pe\u0142nymi kwiat\u00f3w i tradycyjn\u0105 andaluzyjsk\u0105 architektur\u0105 jest warte zwiedzania.<\/li>\n<li>Orchidarium Estepona: Pi\u0119kny ogr\u00f3d botaniczny z du\u017c\u0105 kolekcj\u0105 storczyk\u00f3w.<\/li>\n<li>Laguna Village 2.0: Najwi\u0119kszy luksusowy klub pla\u017cowy w Hiszpanii w Esteponie. Oryginalne centrum handlowe Laguna Village w Esteponie zosta\u0142o zniszczone przez po\u017car w 2020 roku. Dzi\u0119ki inwestycji rz\u0119du milion\u00f3w dolar\u00f3w powsta\u0142 \u201enajwi\u0119kszy klub luksusowy w Hiszpanii\u201d. W obiekcie znajduje si\u0119 jachtklub, klub pla\u017cowy, raj dla dzieci, klub restauracyjny, sklepy, rozrywka i zakupy z dodatkowymi atrakcjami.<\/li>\n<\/ul>\n<p><strong>Transport i dost\u0119pno\u015b\u0107:<\/strong><\/p>\n<ul>\n<li>Dost\u0119p drogowy: Osiedle ma dobre po\u0142\u0105czenia drogowe, z \u0142atwym dost\u0119pem do drogi nadmorskiej A-7, co u\u0142atwia dotarcie do innych miast na Costa del Sol, w tym do Marbelli, Puerto Ban\u00fas i lotniska w Maladze (AGP).<\/li>\n<li>Transport publiczny: Lokalne linie autobusowe \u0142\u0105cz\u0105 ten obszar z centrum Estepony i innymi pobliskimi miejscowo\u015bciami.<\/li>\n<\/ul>\n\n\t\t<\/div>\n\t<\/div>\n\n\t\t<\/div>\n\t<\/div>\n\t<\/div>\n\n<\/div>\n<\/div>\n\n<div  class=\"content_row row room-list vc_row wpb_row  default-style fullwidth\" >\n\t\n\t<div class=\"content_row_wrapper  fullwidth\" >\n\t<div id=\"asdasd\" class=\"vc_col-sm-12 wpb_column vc_column_container\" >\n\t<div class=\"vc_column-inner\">\n\t\t<div class=\"wpb_wrapper\" >\n\t\t\t<div class=\"google_map_holder\" data-height=\"300\" data-scope=\"#map-576395\" data-bw=\"\">\n\n\t\t\t<div id=\"map-576395\" class=\"google_map\"><\/div>\n\t\t\t<script type=\"text\/javascript\">\n\t\t\t \/* <![CDATA[ *\/ \n\t\t\t\t\/\/ Runs google maps\t\n\t\t\t\t\tjQuery(function() {\n\t\t\t\t\t\tjQuery(\"#map-576395\").rt_maps([[\"Estepona - Buenas Noches\", 36.386028, -5.207975, 4,\"Absolute Estepona\"],],10); \n\t\t\t\t\t});\n\t\t\t\/* ]]> *\/\t\n\t\t\t<\/script>\n\n\t\t<\/div><div class=\"vc_empty_space\"   style=\"height: 90px\"><span class=\"vc_empty_space_inner\"><\/span><\/div><div class=\"rt_quote\"  >\n\t\t\t\t\t\t\t<p>\n\t\t\t\t\t\t\t\t<span class=\"icon-quote-left\"><\/span>\n\t\t\t\t\t\t\t\t<\/p>\n<p id=\"tw-target-text\" class=\"tw-data-text tw-text-large tw-ta\" dir=\"ltr\" data-placeholder=\"Vertaling\" data-ved=\"2ahUKEwjrwKua7ISEAxXezgIHHeULBkAQ3ewLegQIBRAQ\"><span class=\"Y2IQFc\" lang=\"nl\">Miejsce, w kt\u00f3rym mo\u017cna cieszy\u0107 si\u0119 okolic\u0105, spokojem, \u017cyciem pobliskich miast i wsi oraz ekskluzywno\u015bci\u0105 wyj\u0105tkowej enklawy.<\/span><\/p>\n<p>\n\t\t\t\t\t\t\t\t<span class=\"icon-quote-right\"><\/span>\n\t\t\t\t\t\t\t<\/p>\n\t\t\t\t\t\t\t\n\t\t\t\t\t<\/div>\n\t\t<\/div>\n\t<\/div>\n\t<\/div>\n\n<\/div>\n<\/div>\n\n<div  class=\"content_row row vc_row wpb_row  default-style fullwidth\" >\n\t\n\t<div class=\"content_row_wrapper  default\" >\n\t<div id=\"asdasd\" class=\"vc_col-sm-12 wpb_column vc_column_container\" >\n\t<div class=\"vc_column-inner\">\n\t\t<div class=\"wpb_wrapper\" >\n\t\t\t\n\t\t<div  class=\"info_box margin-b20 clearfix announcement announcement\" data-rt-animate=\"animate\" data-rt-animation-type=\"fadeInDown\" data-rt-animation-group=\"single\">\n\t\t\t<span class=\"icon-cancel\"><\/span>\n\t\t\t<p class=\"icon-megaphone-1\">\n\t\t\t\t<\/p>\n<ul>\n<li>Pla\u017ca i morze \u2013 500 metr\u00f3w)<\/li>\n<li>Lotnisko w Maladze \u2013 85 km<\/li>\n<li>Lotnisko Gibraltar \u2013 45 km<\/li>\n<li>Przystanek autobusowy \u2013 r\u00f3\u017cne przystanki 200-500 metr\u00f3w<\/li>\n<li>Supermarket \u2013 r\u00f3\u017cne supermarkety 1-3 km<\/li>\n<li>Restauracja \u2013 r\u00f3\u017cne restauracje 1-2 km<\/li>\n<li>Szpital \u2013 3 szpitale 3-6 km<\/li>\n<\/ul>\n<p>\n\t\t\t<\/p>\n\t\t<\/div>\n\t\n\t\t<\/div>\n\t<\/div>\n\t<\/div>\n\n<\/div>\n<\/div>\n<\/section>","protected":false},"excerpt":{"rendered":"<p>\u2026 <a class=\"more-link\" href=\"https:\/\/absolute-estepona.info\/pl\/lokalizacja\/\">Kontynuuj czytanie<\/a><\/p>","protected":false},"author":1,"featured_media":4518,"parent":0,"menu_order":5,"comment_status":"closed","ping_status":"closed","template":"","meta":{"footnotes":""},"class_list":["post-97","page","type-page","status-publish","has-post-thumbnail","hentry"],"yoast_head":"<!-- This site is optimized with the Yoast SEO plugin v26.0 - https:\/\/yoast.com\/wordpress\/plugins\/seo\/ -->\n<title>Locatie - Absolute Estepona<\/title>\n<meta name=\"robots\" content=\"index, follow, max-snippet:-1, max-image-preview:large, max-video-preview:-1\" \/>\n<link rel=\"canonical\" href=\"https:\/\/absolute-estepona.info\/pl\/lokalizacja\/\" \/>\n<meta property=\"og:locale\" content=\"pl_PL\" \/>\n<meta property=\"og:type\" content=\"article\" \/>\n<meta property=\"og:title\" content=\"Locatie - Absolute Estepona\" \/>\n<meta property=\"og:url\" content=\"https:\/\/absolute-estepona.info\/pl\/lokalizacja\/\" \/>\n<meta property=\"og:site_name\" content=\"Absolute Estepona\" \/>\n<meta property=\"article:modified_time\" content=\"2025-03-11T10:08:48+00:00\" \/>\n<meta property=\"og:image\" content=\"https:\/\/absolute-estepona.info\/wp-content\/uploads\/sites\/39\/2024\/04\/Absolute_Estepona_Object.jpg\" \/>\n\t<meta property=\"og:image:width\" content=\"1024\" \/>\n\t<meta property=\"og:image:height\" content=\"573\" \/>\n\t<meta property=\"og:image:type\" content=\"image\/jpeg\" \/>\n<meta name=\"twitter:card\" content=\"summary_large_image\" \/>\n<meta name=\"twitter:label1\" content=\"Szacowany czas czytania\" \/>\n\t<meta name=\"twitter:data1\" content=\"4 minuty\" \/>\n<script type=\"application\/ld+json\" class=\"yoast-schema-graph\">{\"@context\":\"https:\/\/schema.org\",\"@graph\":[{\"@type\":\"WebPage\",\"@id\":\"https:\/\/absolute-estepona.info\/locatie\/\",\"url\":\"https:\/\/absolute-estepona.info\/locatie\/\",\"name\":\"Locatie - Absolute Estepona\",\"isPartOf\":{\"@id\":\"https:\/\/absolute-estepona.info\/#website\"},\"primaryImageOfPage\":{\"@id\":\"https:\/\/absolute-estepona.info\/locatie\/#primaryimage\"},\"image\":{\"@id\":\"https:\/\/absolute-estepona.info\/locatie\/#primaryimage\"},\"thumbnailUrl\":\"https:\/\/absolute-estepona.info\/wp-content\/uploads\/sites\/39\/2024\/04\/Absolute_Estepona_Object.jpg\",\"datePublished\":\"2022-01-27T10:58:35+00:00\",\"dateModified\":\"2025-03-11T10:08:48+00:00\",\"breadcrumb\":{\"@id\":\"https:\/\/absolute-estepona.info\/locatie\/#breadcrumb\"},\"inLanguage\":\"pl-PL\",\"potentialAction\":[{\"@type\":\"ReadAction\",\"target\":[\"https:\/\/absolute-estepona.info\/locatie\/\"]}]},{\"@type\":\"ImageObject\",\"inLanguage\":\"pl-PL\",\"@id\":\"https:\/\/absolute-estepona.info\/locatie\/#primaryimage\",\"url\":\"https:\/\/absolute-estepona.info\/wp-content\/uploads\/sites\/39\/2024\/04\/Absolute_Estepona_Object.jpg\",\"contentUrl\":\"https:\/\/absolute-estepona.info\/wp-content\/uploads\/sites\/39\/2024\/04\/Absolute_Estepona_Object.jpg\",\"width\":1024,\"height\":573},{\"@type\":\"BreadcrumbList\",\"@id\":\"https:\/\/absolute-estepona.info\/locatie\/#breadcrumb\",\"itemListElement\":[{\"@type\":\"ListItem\",\"position\":1,\"name\":\"Home\",\"item\":\"https:\/\/absolute-estepona.info\/\"},{\"@type\":\"ListItem\",\"position\":2,\"name\":\"Locatie\"}]},{\"@type\":\"WebSite\",\"@id\":\"https:\/\/absolute-estepona.info\/#website\",\"url\":\"https:\/\/absolute-estepona.info\/\",\"name\":\"Absolute Estepona\",\"description\":\"A Balcony to the Mediterranean Sea\",\"potentialAction\":[{\"@type\":\"SearchAction\",\"target\":{\"@type\":\"EntryPoint\",\"urlTemplate\":\"https:\/\/absolute-estepona.info\/?s={search_term_string}\"},\"query-input\":{\"@type\":\"PropertyValueSpecification\",\"valueRequired\":true,\"valueName\":\"search_term_string\"}}],\"inLanguage\":\"pl-PL\"}]}<\/script>\n<!-- \/ Yoast SEO plugin. -->","yoast_head_json":{"title":"Lokalizacja - Absolutna Estepona","robots":{"index":"index","follow":"follow","max-snippet":"max-snippet:-1","max-image-preview":"max-image-preview:large","max-video-preview":"max-video-preview:-1"},"canonical":"https:\/\/absolute-estepona.info\/pl\/lokalizacja\/","og_locale":"pl_PL","og_type":"article","og_title":"Locatie - Absolute Estepona","og_url":"https:\/\/absolute-estepona.info\/pl\/lokalizacja\/","og_site_name":"Absolute Estepona","article_modified_time":"2025-03-11T10:08:48+00:00","og_image":[{"width":1024,"height":573,"url":"https:\/\/absolute-estepona.info\/wp-content\/uploads\/sites\/39\/2024\/04\/Absolute_Estepona_Object.jpg","type":"image\/jpeg"}],"twitter_card":"summary_large_image","twitter_misc":{"Szacowany czas czytania":"4 minuty"},"schema":{"@context":"https:\/\/schema.org","@graph":[{"@type":"WebPage","@id":"https:\/\/absolute-estepona.info\/locatie\/","url":"https:\/\/absolute-estepona.info\/locatie\/","name":"Lokalizacja - Absolutna Estepona","isPartOf":{"@id":"https:\/\/absolute-estepona.info\/#website"},"primaryImageOfPage":{"@id":"https:\/\/absolute-estepona.info\/locatie\/#primaryimage"},"image":{"@id":"https:\/\/absolute-estepona.info\/locatie\/#primaryimage"},"thumbnailUrl":"https:\/\/absolute-estepona.info\/wp-content\/uploads\/sites\/39\/2024\/04\/Absolute_Estepona_Object.jpg","datePublished":"2022-01-27T10:58:35+00:00","dateModified":"2025-03-11T10:08:48+00:00","breadcrumb":{"@id":"https:\/\/absolute-estepona.info\/locatie\/#breadcrumb"},"inLanguage":"pl-PL","potentialAction":[{"@type":"ReadAction","target":["https:\/\/absolute-estepona.info\/locatie\/"]}]},{"@type":"ImageObject","inLanguage":"pl-PL","@id":"https:\/\/absolute-estepona.info\/locatie\/#primaryimage","url":"https:\/\/absolute-estepona.info\/wp-content\/uploads\/sites\/39\/2024\/04\/Absolute_Estepona_Object.jpg","contentUrl":"https:\/\/absolute-estepona.info\/wp-content\/uploads\/sites\/39\/2024\/04\/Absolute_Estepona_Object.jpg","width":1024,"height":573},{"@type":"BreadcrumbList","@id":"https:\/\/absolute-estepona.info\/locatie\/#breadcrumb","itemListElement":[{"@type":"ListItem","position":1,"name":"Home","item":"https:\/\/absolute-estepona.info\/"},{"@type":"ListItem","position":2,"name":"Locatie"}]},{"@type":"WebSite","@id":"https:\/\/absolute-estepona.info\/#website","url":"https:\/\/absolute-estepona.info\/","name":"Absolutna Estepona","description":"Balkon na Morze \u015ar\u00f3dziemne","potentialAction":[{"@type":"SearchAction","target":{"@type":"EntryPoint","urlTemplate":"https:\/\/absolute-estepona.info\/?s={search_term_string}"},"query-input":{"@type":"PropertyValueSpecification","valueRequired":true,"valueName":"search_term_string"}}],"inLanguage":"pl-PL"}]}},"_links":{"self":[{"href":"https:\/\/absolute-estepona.info\/pl\/wp-json\/wp\/v2\/pages\/97","targetHints":{"allow":["GET"]}}],"collection":[{"href":"https:\/\/absolute-estepona.info\/pl\/wp-json\/wp\/v2\/pages"}],"about":[{"href":"https:\/\/absolute-estepona.info\/pl\/wp-json\/wp\/v2\/types\/page"}],"author":[{"embeddable":true,"href":"https:\/\/absolute-estepona.info\/pl\/wp-json\/wp\/v2\/users\/1"}],"replies":[{"embeddable":true,"href":"https:\/\/absolute-estepona.info\/pl\/wp-json\/wp\/v2\/comments?post=97"}],"version-history":[{"count":33,"href":"https:\/\/absolute-estepona.info\/pl\/wp-json\/wp\/v2\/pages\/97\/revisions"}],"predecessor-version":[{"id":4574,"href":"https:\/\/absolute-estepona.info\/pl\/wp-json\/wp\/v2\/pages\/97\/revisions\/4574"}],"wp:featuredmedia":[{"embeddable":true,"href":"https:\/\/absolute-estepona.info\/pl\/wp-json\/wp\/v2\/media\/4518"}],"wp:attachment":[{"href":"https:\/\/absolute-estepona.info\/pl\/wp-json\/wp\/v2\/media?parent=97"}],"curies":[{"name":"wp","href":"https:\/\/api.w.org\/{rel}","templated":true}]}}