{"id":97,"date":"2022-01-27T10:58:35","date_gmt":"2022-01-27T10:58:35","guid":{"rendered":"http:\/\/cognito.mprinsdesign.nl\/?page_id=97"},"modified":"2025-03-11T10:08:48","modified_gmt":"2025-03-11T10:08:48","slug":"posizione","status":"publish","type":"page","link":"https:\/\/absolute-estepona.info\/it\/posizione\/","title":{"rendered":"Posizione"},"content":{"rendered":"<section class=\"wpb-content-wrapper\"><div  class=\"content_row row page-content vc_row wpb_row  default-style fullwidth\" >\n\t\n\t<div class=\"content_row_wrapper  default\" >\n\t<div id=\"asdasd\" class=\"vc_col-sm-12 wpb_column vc_column_container\" >\n\t<div class=\"vc_column-inner\">\n\t\t<div class=\"wpb_wrapper\" >\n\t\t\t<div class=\"rt_heading_wrapper no-style\">\n\t\t\t\t\t\t<h1 class=\"rt_heading  no-style\"  style=\"font-size:24px;margin-top:24px;margin-bottom:0px;\">Posizione - <span class=\"after_h1\">Estepona assoluta<\/span><\/h1> \n\t\t\t\t\t<\/div><div class=\"vc_empty_space\"   style=\"height: 32px\"><span class=\"vc_empty_space_inner\"><\/span><\/div><div class=\"vc_separator wpb_content_element vc_separator_align_center vc_sep_width_100 vc_sep_style-4 vc_sep_pos_align_center vc_separator_no_text vc_sep_color_grey\" ><span class=\"vc_sep_holder vc_sep_holder_l\"><span class=\"vc_sep_line\"><\/span><\/span><span class=\"vc_sep_holder vc_sep_holder_r\"><span class=\"vc_sep_line\"><\/span><\/span>\n<\/div>\n\t<div class=\"wpb_text_column wpb_content_element\" >\n\t\t<div class=\"wpb_wrapper\">\n\t\t\t<p><strong>L&#039;Absolute Estepona \u00e8 situato in una posizione ideale. Offre uno stile di vita unico, che unisce la pace e la tranquillit\u00e0 di una zona residenziale alla comodit\u00e0 di essere vicino a tutti i servizi e le attrazioni che Estepona e la Costa del Sol hanno da offrire. \u00c8 la soluzione ideale per chi cerca una residenza permanente, una casa per le vacanze o un investimento immobiliare. La sua vicinanza ai campi da golf, alle spiagge e all&#039;incantevole cittadina di Estepona lo rende particolarmente attraente.<\/strong><\/p>\n<p><strong>Le spiagge e la costa di Absolute Estepona<\/strong><\/p>\n<p><em>Spiagge:<\/em> Il complesso \u00e8 situato in una posizione comoda, vicino a numerose splendide spiagge. Nelle vicinanze:<\/p>\n<ul>\n<li>Playa de Guadalob\u00f3n: una spiaggia pi\u00f9 tranquilla e naturale, ideale per rilassarsi.<\/li>\n<li>Playa del Cristo: una baia popolare e riparata, con acque calme, perfetta per le famiglie.<\/li>\n<li>Playa de la Rada: la spiaggia principale di Estepona, una lunga distesa di sabbia con numerosi chiringuitos (bar sulla spiaggia) e ristoranti. (\u00c8 pi\u00f9 vicino al centro di Estepona ma comunque accessibile).<\/li>\n<\/ul>\n<p><em>Marina:<\/em> Il porto turistico di Estepona \u00e8 facilmente raggiungibile e offre gite in barca, sport acquatici e un&#039;atmosfera vivace con ristoranti e bar.<\/p>\n<p><strong>Campi da golf dietro l&#039;angolo<\/strong><\/p>\n<ul>\n<li>Valle Romano Golf &amp; Resort: il famoso Valle Romano Golf &amp; Resort si trova praticamente a due passi dalla porta di casa e offre un campo da campionato a 18 buche e strutture eccellenti.<\/li>\n<li>Estepona Golf: anch&#039;esso situato nelle vicinanze, \u00e8 noto per il suo tracciato impegnativo e le splendide viste.<\/li>\n<li>Azata Golf: questo campo da golf abbastanza nuovo si trova anch&#039;esso vicino all&#039;Absolute Estepona.<\/li>\n<\/ul>\n<p>Nelle vicinanze si trovano molti altri campi da golf, tra cui i famosi campi da golf di Valderrama.<\/p>\n<p><strong>Strutture e servizi:<\/strong><\/p>\n<ul>\n<li>Supermercati: diversi supermercati (Mercadona, Lidl, Aldi, Carrefour Express) sono facilmente raggiungibili in auto, rendendo semplice fare la spesa.<\/li>\n<li>Ristoranti e bar: \u00e8 disponibile un&#039;ampia scelta di ristoranti, dai tradizionali bar di tapas spagnoli alla cucina internazionale, sia nelle immediate vicinanze che nel vicino centro di Estepona.<\/li>\n<li>Negozi: il centro di Estepona offre una vasta gamma di negozi, tra cui boutique, negozi di abbigliamento e negozi di souvenir.<\/li>\n<li>Assistenza sanitaria: l&#039;Hospital de Estepona (ospedale pubblico) e diverse cliniche private sono facilmente accessibili.<\/li>\n<li>Scuole: nella zona di Estepona si trovano diverse scuole, sia spagnole che internazionali.<\/li>\n<li>Altro: farmacie, banche e altri servizi essenziali sono tutti facilmente accessibili.<\/li>\n<\/ul>\n<p><strong>Tempo libero e ricreazione:<\/strong><\/p>\n<ul>\n<li>Selwo Aventura: un grande parco faunistico, un&#039;importante attrazione per le famiglie (\u00e8 un po&#039; pi\u00f9 lontano, ma \u00e8 un&#039;attrazione importante per la zona).<\/li>\n<li>Escursioni e natura: le montagne della Sierra Bermeja offrono la possibilit\u00e0 di fare escursioni e di ammirare le bellezze naturali della regione.<\/li>\n<li>Centro storico di Estepona: l&#039;incantevole centro storico di Estepona, con le sue stradine strette, le piazze piene di fiori e la tradizionale architettura andalusa, merita sicuramente di essere esplorato.<\/li>\n<li>Orchidarium Estepona: uno splendido giardino botanico con una vasta collezione di orchidee.<\/li>\n<li>Laguna Village 2.0: il pi\u00f9 grande beach club di lusso della Spagna a Estepona. Il centro commerciale originale Laguna Village a Estepona \u00e8 stato distrutto da un incendio nel 2020. Con un investimento milionario \u00e8 nato \u201cil pi\u00f9 grande club di lusso della Spagna\u201d. Con yacht club, beach club, paradiso per bambini, ristorante, vendita al dettaglio, intrattenimento e shopping con esperienze aggiuntive.<\/li>\n<\/ul>\n<p><strong>Trasporti e accessibilit\u00e0:<\/strong><\/p>\n<ul>\n<li>Accesso stradale: il complesso gode di ottimi collegamenti stradali, con facile accesso alla strada costiera A-7, rendendo agevole il raggiungimento di altre citt\u00e0 lungo la Costa del Sol, tra cui Marbella, Puerto Ban\u00fas e l&#039;aeroporto di Malaga (AGP).<\/li>\n<li>Trasporto pubblico: i servizi di autobus locali collegano la zona al centro di Estepona e ad altre localit\u00e0 vicine.<\/li>\n<\/ul>\n\n\t\t<\/div>\n\t<\/div>\n\n\t\t<\/div>\n\t<\/div>\n\t<\/div>\n\n<\/div>\n<\/div>\n\n<div  class=\"content_row row room-list vc_row wpb_row  default-style fullwidth\" >\n\t\n\t<div class=\"content_row_wrapper  fullwidth\" >\n\t<div id=\"asdasd\" class=\"vc_col-sm-12 wpb_column vc_column_container\" >\n\t<div class=\"vc_column-inner\">\n\t\t<div class=\"wpb_wrapper\" >\n\t\t\t<div class=\"google_map_holder\" data-height=\"300\" data-scope=\"#map-915046\" data-bw=\"\">\n\n\t\t\t<div id=\"map-915046\" class=\"google_map\"><\/div>\n\t\t\t<script type=\"text\/javascript\">\n\t\t\t \/* <![CDATA[ *\/ \n\t\t\t\t\/\/ Runs google maps\t\n\t\t\t\t\tjQuery(function() {\n\t\t\t\t\t\tjQuery(\"#map-915046\").rt_maps([[\"Estepona - Buenas Noches\", 36.386028, -5.207975, 4,\"Absolute Estepona\"],],10); \n\t\t\t\t\t});\n\t\t\t\/* ]]> *\/\t\n\t\t\t<\/script>\n\n\t\t<\/div><div class=\"vc_empty_space\"   style=\"height: 90px\"><span class=\"vc_empty_space_inner\"><\/span><\/div><div class=\"rt_quote\"  >\n\t\t\t\t\t\t\t<p>\n\t\t\t\t\t\t\t\t<span class=\"icon-quote-left\"><\/span>\n\t\t\t\t\t\t\t\t<\/p>\n<p id=\"tw-target-text\" class=\"tw-data-text tw-text-large tw-ta\" dir=\"ltr\" data-placeholder=\"Vertaling\" data-ved=\"2ahUKEwjrwKua7ISEAxXezgIHHeULBkAQ3ewLegQIBRAQ\"><span class=\"Y2IQFc\" lang=\"nl\">Un luogo per godersi l&#039;ambiente circostante, la tranquillit\u00e0, la vita delle citt\u00e0 e dei villaggi vicini e l&#039;esclusivit\u00e0 di un&#039;enclave unica.<\/span><\/p>\n<p>\n\t\t\t\t\t\t\t\t<span class=\"icon-quote-right\"><\/span>\n\t\t\t\t\t\t\t<\/p>\n\t\t\t\t\t\t\t\n\t\t\t\t\t<\/div>\n\t\t<\/div>\n\t<\/div>\n\t<\/div>\n\n<\/div>\n<\/div>\n\n<div  class=\"content_row row vc_row wpb_row  default-style fullwidth\" >\n\t\n\t<div class=\"content_row_wrapper  default\" >\n\t<div id=\"asdasd\" class=\"vc_col-sm-12 wpb_column vc_column_container\" >\n\t<div class=\"vc_column-inner\">\n\t\t<div class=\"wpb_wrapper\" >\n\t\t\t\n\t\t<div  class=\"info_box margin-b20 clearfix announcement announcement\" data-rt-animate=\"animate\" data-rt-animation-type=\"fadeInDown\" data-rt-animation-group=\"single\">\n\t\t\t<span class=\"icon-cancel\"><\/span>\n\t\t\t<p class=\"icon-megaphone-1\">\n\t\t\t\t<\/p>\n<ul>\n<li>Spiaggia e mare \u2013 500 metri)<\/li>\n<li>Aeroporto di Malaga \u2013 85 km<\/li>\n<li>Aeroporto di Gibilterra \u2013 45 km<\/li>\n<li>Fermata dell&#039;autobus - varie fermate a 200-500 metri<\/li>\n<li>Supermercato \u2013 vari supermercati 1-3 km<\/li>\n<li>Ristorante \u2013 vari ristoranti 1-2 km<\/li>\n<li>Ospedale \u2013 3 ospedali 3-6 km<\/li>\n<\/ul>\n<p>\n\t\t\t<\/p>\n\t\t<\/div>\n\t\n\t\t<\/div>\n\t<\/div>\n\t<\/div>\n\n<\/div>\n<\/div>\n<\/section>","protected":false},"excerpt":{"rendered":"<p>\u2026 <a class=\"more-link\" href=\"https:\/\/absolute-estepona.info\/it\/posizione\/\">Continua a leggere<\/a><\/p>","protected":false},"author":1,"featured_media":4518,"parent":0,"menu_order":5,"comment_status":"closed","ping_status":"closed","template":"","meta":{"footnotes":""},"class_list":["post-97","page","type-page","status-publish","has-post-thumbnail","hentry"],"yoast_head":"<!-- This site is optimized with the Yoast SEO plugin v26.0 - https:\/\/yoast.com\/wordpress\/plugins\/seo\/ -->\n<title>Locatie - Absolute Estepona<\/title>\n<meta name=\"robots\" content=\"index, follow, max-snippet:-1, max-image-preview:large, max-video-preview:-1\" \/>\n<link rel=\"canonical\" href=\"https:\/\/absolute-estepona.info\/it\/posizione\/\" \/>\n<meta property=\"og:locale\" content=\"it_IT\" \/>\n<meta property=\"og:type\" content=\"article\" \/>\n<meta property=\"og:title\" content=\"Locatie - Absolute Estepona\" \/>\n<meta property=\"og:url\" content=\"https:\/\/absolute-estepona.info\/it\/posizione\/\" \/>\n<meta property=\"og:site_name\" content=\"Absolute Estepona\" \/>\n<meta property=\"article:modified_time\" content=\"2025-03-11T10:08:48+00:00\" \/>\n<meta property=\"og:image\" content=\"https:\/\/absolute-estepona.info\/wp-content\/uploads\/sites\/39\/2024\/04\/Absolute_Estepona_Object.jpg\" \/>\n\t<meta property=\"og:image:width\" content=\"1024\" \/>\n\t<meta property=\"og:image:height\" content=\"573\" \/>\n\t<meta property=\"og:image:type\" content=\"image\/jpeg\" \/>\n<meta name=\"twitter:card\" content=\"summary_large_image\" \/>\n<meta name=\"twitter:label1\" content=\"Tempo di lettura stimato\" \/>\n\t<meta name=\"twitter:data1\" content=\"4 minuti\" \/>\n<script type=\"application\/ld+json\" class=\"yoast-schema-graph\">{\"@context\":\"https:\/\/schema.org\",\"@graph\":[{\"@type\":\"WebPage\",\"@id\":\"https:\/\/absolute-estepona.info\/locatie\/\",\"url\":\"https:\/\/absolute-estepona.info\/locatie\/\",\"name\":\"Locatie - Absolute Estepona\",\"isPartOf\":{\"@id\":\"https:\/\/absolute-estepona.info\/#website\"},\"primaryImageOfPage\":{\"@id\":\"https:\/\/absolute-estepona.info\/locatie\/#primaryimage\"},\"image\":{\"@id\":\"https:\/\/absolute-estepona.info\/locatie\/#primaryimage\"},\"thumbnailUrl\":\"https:\/\/absolute-estepona.info\/wp-content\/uploads\/sites\/39\/2024\/04\/Absolute_Estepona_Object.jpg\",\"datePublished\":\"2022-01-27T10:58:35+00:00\",\"dateModified\":\"2025-03-11T10:08:48+00:00\",\"breadcrumb\":{\"@id\":\"https:\/\/absolute-estepona.info\/locatie\/#breadcrumb\"},\"inLanguage\":\"it-IT\",\"potentialAction\":[{\"@type\":\"ReadAction\",\"target\":[\"https:\/\/absolute-estepona.info\/locatie\/\"]}]},{\"@type\":\"ImageObject\",\"inLanguage\":\"it-IT\",\"@id\":\"https:\/\/absolute-estepona.info\/locatie\/#primaryimage\",\"url\":\"https:\/\/absolute-estepona.info\/wp-content\/uploads\/sites\/39\/2024\/04\/Absolute_Estepona_Object.jpg\",\"contentUrl\":\"https:\/\/absolute-estepona.info\/wp-content\/uploads\/sites\/39\/2024\/04\/Absolute_Estepona_Object.jpg\",\"width\":1024,\"height\":573},{\"@type\":\"BreadcrumbList\",\"@id\":\"https:\/\/absolute-estepona.info\/locatie\/#breadcrumb\",\"itemListElement\":[{\"@type\":\"ListItem\",\"position\":1,\"name\":\"Home\",\"item\":\"https:\/\/absolute-estepona.info\/\"},{\"@type\":\"ListItem\",\"position\":2,\"name\":\"Locatie\"}]},{\"@type\":\"WebSite\",\"@id\":\"https:\/\/absolute-estepona.info\/#website\",\"url\":\"https:\/\/absolute-estepona.info\/\",\"name\":\"Absolute Estepona\",\"description\":\"A Balcony to the Mediterranean Sea\",\"potentialAction\":[{\"@type\":\"SearchAction\",\"target\":{\"@type\":\"EntryPoint\",\"urlTemplate\":\"https:\/\/absolute-estepona.info\/?s={search_term_string}\"},\"query-input\":{\"@type\":\"PropertyValueSpecification\",\"valueRequired\":true,\"valueName\":\"search_term_string\"}}],\"inLanguage\":\"it-IT\"}]}<\/script>\n<!-- \/ Yoast SEO plugin. -->","yoast_head_json":{"title":"Posizione: Estepona assoluta","robots":{"index":"index","follow":"follow","max-snippet":"max-snippet:-1","max-image-preview":"max-image-preview:large","max-video-preview":"max-video-preview:-1"},"canonical":"https:\/\/absolute-estepona.info\/it\/posizione\/","og_locale":"it_IT","og_type":"article","og_title":"Locatie - Absolute Estepona","og_url":"https:\/\/absolute-estepona.info\/it\/posizione\/","og_site_name":"Absolute Estepona","article_modified_time":"2025-03-11T10:08:48+00:00","og_image":[{"width":1024,"height":573,"url":"https:\/\/absolute-estepona.info\/wp-content\/uploads\/sites\/39\/2024\/04\/Absolute_Estepona_Object.jpg","type":"image\/jpeg"}],"twitter_card":"summary_large_image","twitter_misc":{"Tempo di lettura stimato":"4 minuti"},"schema":{"@context":"https:\/\/schema.org","@graph":[{"@type":"WebPage","@id":"https:\/\/absolute-estepona.info\/locatie\/","url":"https:\/\/absolute-estepona.info\/locatie\/","name":"Posizione: Estepona assoluta","isPartOf":{"@id":"https:\/\/absolute-estepona.info\/#website"},"primaryImageOfPage":{"@id":"https:\/\/absolute-estepona.info\/locatie\/#primaryimage"},"image":{"@id":"https:\/\/absolute-estepona.info\/locatie\/#primaryimage"},"thumbnailUrl":"https:\/\/absolute-estepona.info\/wp-content\/uploads\/sites\/39\/2024\/04\/Absolute_Estepona_Object.jpg","datePublished":"2022-01-27T10:58:35+00:00","dateModified":"2025-03-11T10:08:48+00:00","breadcrumb":{"@id":"https:\/\/absolute-estepona.info\/locatie\/#breadcrumb"},"inLanguage":"it-IT","potentialAction":[{"@type":"ReadAction","target":["https:\/\/absolute-estepona.info\/locatie\/"]}]},{"@type":"ImageObject","inLanguage":"it-IT","@id":"https:\/\/absolute-estepona.info\/locatie\/#primaryimage","url":"https:\/\/absolute-estepona.info\/wp-content\/uploads\/sites\/39\/2024\/04\/Absolute_Estepona_Object.jpg","contentUrl":"https:\/\/absolute-estepona.info\/wp-content\/uploads\/sites\/39\/2024\/04\/Absolute_Estepona_Object.jpg","width":1024,"height":573},{"@type":"BreadcrumbList","@id":"https:\/\/absolute-estepona.info\/locatie\/#breadcrumb","itemListElement":[{"@type":"ListItem","position":1,"name":"Home","item":"https:\/\/absolute-estepona.info\/"},{"@type":"ListItem","position":2,"name":"Locatie"}]},{"@type":"WebSite","@id":"https:\/\/absolute-estepona.info\/#website","url":"https:\/\/absolute-estepona.info\/","name":"Estepona assoluta","description":"Un balcone sul Mar Mediterraneo","potentialAction":[{"@type":"SearchAction","target":{"@type":"EntryPoint","urlTemplate":"https:\/\/absolute-estepona.info\/?s={search_term_string}"},"query-input":{"@type":"PropertyValueSpecification","valueRequired":true,"valueName":"search_term_string"}}],"inLanguage":"it-IT"}]}},"_links":{"self":[{"href":"https:\/\/absolute-estepona.info\/it\/wp-json\/wp\/v2\/pages\/97","targetHints":{"allow":["GET"]}}],"collection":[{"href":"https:\/\/absolute-estepona.info\/it\/wp-json\/wp\/v2\/pages"}],"about":[{"href":"https:\/\/absolute-estepona.info\/it\/wp-json\/wp\/v2\/types\/page"}],"author":[{"embeddable":true,"href":"https:\/\/absolute-estepona.info\/it\/wp-json\/wp\/v2\/users\/1"}],"replies":[{"embeddable":true,"href":"https:\/\/absolute-estepona.info\/it\/wp-json\/wp\/v2\/comments?post=97"}],"version-history":[{"count":33,"href":"https:\/\/absolute-estepona.info\/it\/wp-json\/wp\/v2\/pages\/97\/revisions"}],"predecessor-version":[{"id":4574,"href":"https:\/\/absolute-estepona.info\/it\/wp-json\/wp\/v2\/pages\/97\/revisions\/4574"}],"wp:featuredmedia":[{"embeddable":true,"href":"https:\/\/absolute-estepona.info\/it\/wp-json\/wp\/v2\/media\/4518"}],"wp:attachment":[{"href":"https:\/\/absolute-estepona.info\/it\/wp-json\/wp\/v2\/media?parent=97"}],"curies":[{"name":"wp","href":"https:\/\/api.w.org\/{rel}","templated":true}]}}