{"id":97,"date":"2022-01-27T10:58:35","date_gmt":"2022-01-27T10:58:35","guid":{"rendered":"http:\/\/cognito.mprinsdesign.nl\/?page_id=97"},"modified":"2025-03-11T10:08:48","modified_gmt":"2025-03-11T10:08:48","slug":"standort","status":"publish","type":"page","link":"https:\/\/absolute-estepona.info\/de\/standort\/","title":{"rendered":"Standort"},"content":{"rendered":"<section class=\"wpb-content-wrapper\"><div  class=\"content_row row page-content vc_row wpb_row  default-style fullwidth\" >\n\t\n\t<div class=\"content_row_wrapper  default\" >\n\t<div id=\"asdasd\" class=\"vc_col-sm-12 wpb_column vc_column_container\" >\n\t<div class=\"vc_column-inner\">\n\t\t<div class=\"wpb_wrapper\" >\n\t\t\t<div class=\"rt_heading_wrapper no-style\">\n\t\t\t\t\t\t<h1 class=\"rt_heading  no-style\"  style=\"font-size:24px;margin-top:24px;margin-bottom:0px;\">Standort - <span class=\"after_h1\">Absolutes Estepona<\/span><\/h1> \n\t\t\t\t\t<\/div><div class=\"vc_empty_space\"   style=\"height: 32px\"><span class=\"vc_empty_space_inner\"><\/span><\/div><div class=\"vc_separator wpb_content_element vc_separator_align_center vc_sep_width_100 vc_sep_style-4 vc_sep_pos_align_center vc_separator_no_text vc_sep_color_grey\" ><span class=\"vc_sep_holder vc_sep_holder_l\"><span class=\"vc_sep_line\"><\/span><\/span><span class=\"vc_sep_holder vc_sep_holder_r\"><span class=\"vc_sep_line\"><\/span><\/span>\n<\/div>\n\t<div class=\"wpb_text_column wpb_content_element\" >\n\t\t<div class=\"wpb_wrapper\">\n\t\t\t<p><strong>Absolute Estepona befindet sich in idealer Lage. Es bietet einen einzigartigen Lebensstil, der die Ruhe und Stille eines Wohngebiets mit der Bequemlichkeit der N\u00e4he zu allen Annehmlichkeiten und Attraktionen verbindet, die Estepona und die Costa del Sol zu bieten haben. Es ist ideal f\u00fcr alle, die einen dauerhaften Wohnsitz, ein Ferienhaus oder eine Immobilieninvestition suchen. Die N\u00e4he zu Golfpl\u00e4tzen, Str\u00e4nden und der charmanten Stadt Estepona macht es besonders attraktiv.<\/strong><\/p>\n<p><strong>Die Str\u00e4nde und die K\u00fcste von Absolute Estepona<\/strong><\/p>\n<p><em>Str\u00e4nde:<\/em> Die Anlage liegt verkehrsg\u00fcnstig in der N\u00e4he mehrerer sch\u00f6ner Str\u00e4nde. Nahe:<\/p>\n<ul>\n<li>Playa de Guadalob\u00f3n: Ein ruhigerer, nat\u00fcrlicherer Strand, ideal zum Entspannen.<\/li>\n<li>Playa del Cristo: Eine beliebte, gesch\u00fctzte Bucht mit ruhigem Wasser, perfekt f\u00fcr Familien.<\/li>\n<li>Playa de la Rada: Esteponas Hauptstrand, ein langer Sandstrand mit zahlreichen Chiringuitos (Strandbars) und Restaurants. (Dies liegt n\u00e4her am Zentrum von Estepona, ist aber immer noch gut erreichbar).<\/li>\n<\/ul>\n<p><em>Yachthafen:<\/em> Der Yachthafen von Estepona ist leicht zu erreichen und bietet Bootsausfl\u00fcge, Wassersport und eine lebhafte Atmosph\u00e4re mit Restaurants und Bars.<\/p>\n<p><strong>Golfpl\u00e4tze um die Ecke<\/strong><\/p>\n<ul>\n<li>Valle Romano Golf &amp; Resort: Das ber\u00fchmte Valle Romano Golf &amp; Resort liegt praktisch vor der Haust\u00fcr und bietet einen 18-Loch-Meisterschaftsplatz und hervorragende Einrichtungen.<\/li>\n<li>Estepona Golf: Ebenfalls in der N\u00e4he gelegen und bekannt f\u00fcr sein anspruchsvolles Layout und die wundersch\u00f6ne Aussicht.<\/li>\n<li>Azata Golf: Dieser relativ neue Golfplatz liegt ebenfalls in der N\u00e4he von Absolute Estepona.<\/li>\n<\/ul>\n<p>In der N\u00e4he gibt es viele weitere Golfpl\u00e4tze, darunter die ber\u00fchmten Golfpl\u00e4tze von Valderrama.<\/p>\n<p><strong>Ausstattung und Dienstleistungen:<\/strong><\/p>\n<ul>\n<li>Superm\u00e4rkte: Mehrere Superm\u00e4rkte (Mercadona, Lidl, Aldi, Carrefour Express) sind nur eine kurze Autofahrt entfernt, was das Einkaufen erleichtert.<\/li>\n<li>Restaurants und Bars: Sowohl in der unmittelbaren Umgebung als auch im nahe gelegenen Stadtzentrum von Estepona gibt es eine gro\u00dfe Auswahl an Speisem\u00f6glichkeiten, von traditionellen spanischen Tapas-Bars bis hin zu internationaler K\u00fcche.<\/li>\n<li>Gesch\u00e4fte: Das Zentrum von Estepona bietet eine Reihe von Gesch\u00e4ften, darunter Boutiquen, Bekleidungsgesch\u00e4fte und Souvenirl\u00e4den.<\/li>\n<li>Gesundheitswesen: Das Hospital de Estepona (\u00f6ffentliches Krankenhaus) und mehrere private Kliniken sind leicht erreichbar.<\/li>\n<li>Schulen: In der Gegend von Estepona gibt es mehrere Schulen, sowohl spanische als auch internationale.<\/li>\n<li>Sonstiges: Apotheken, Banken und andere wichtige Dienstleistungen sind alle leicht verf\u00fcgbar.<\/li>\n<\/ul>\n<p><strong>Freizeit und Erholung:<\/strong><\/p>\n<ul>\n<li>Selwo Aventura: Ein gro\u00dfer Wildpark, eine gro\u00dfe Attraktion f\u00fcr Familien (dieser liegt etwas weiter entfernt, ist aber ein gro\u00dfer Anziehungspunkt f\u00fcr die Gegend).<\/li>\n<li>Wandern und Natur: Die Berge der Sierra Bermeja bieten M\u00f6glichkeiten zum Wandern und Genie\u00dfen der nat\u00fcrlichen Sch\u00f6nheit der Region.<\/li>\n<li>Altstadt von Estepona: Das charmante historische Zentrum von Estepona mit seinen engen Gassen, blumengeschm\u00fcckten Pl\u00e4tzen und der traditionellen andalusischen Architektur ist eine Erkundung wert.<\/li>\n<li>Orchidarium Estepona: Ein wundersch\u00f6ner botanischer Garten mit einer gro\u00dfen Orchideensammlung.<\/li>\n<li>Laguna Village 2.0: Spaniens gr\u00f6\u00dfter Luxus-Strandclub in Estepona. Das urspr\u00fcngliche Einkaufszentrum Laguna Village in Estepona wurde 2020 durch einen Brand zerst\u00f6rt. Mit einer Millioneninvestition entstand \u201eSpaniens gr\u00f6\u00dfter Luxusclub\u201c. Mit Yachtclub, Strandclub, Kinderparadies, Restaurantclub, Einzelhandel, Unterhaltung und Shopping mit zus\u00e4tzlichen Erlebnissen.<\/li>\n<\/ul>\n<p><strong>Transport und Erreichbarkeit:<\/strong><\/p>\n<ul>\n<li>Stra\u00dfenanbindung: Die Anlage profitiert von einer guten Stra\u00dfenanbindung mit einfachem Zugang zur K\u00fcstenstra\u00dfe A-7, sodass andere St\u00e4dte entlang der Costa del Sol, darunter Marbella, Puerto Ban\u00fas und der Flughafen M\u00e1laga (AGP), leicht zu erreichen sind.<\/li>\n<li>\u00d6ffentliche Verkehrsmittel: Lokale Buslinien verbinden das Gebiet mit dem Stadtzentrum von Estepona und anderen nahegelegenen Orten.<\/li>\n<\/ul>\n\n\t\t<\/div>\n\t<\/div>\n\n\t\t<\/div>\n\t<\/div>\n\t<\/div>\n\n<\/div>\n<\/div>\n\n<div  class=\"content_row row room-list vc_row wpb_row  default-style fullwidth\" >\n\t\n\t<div class=\"content_row_wrapper  fullwidth\" >\n\t<div id=\"asdasd\" class=\"vc_col-sm-12 wpb_column vc_column_container\" >\n\t<div class=\"vc_column-inner\">\n\t\t<div class=\"wpb_wrapper\" >\n\t\t\t<div class=\"google_map_holder\" data-height=\"300\" data-scope=\"#map-953829\" data-bw=\"\">\n\n\t\t\t<div id=\"map-953829\" class=\"google_map\"><\/div>\n\t\t\t<script type=\"text\/javascript\">\n\t\t\t \/* <![CDATA[ *\/ \n\t\t\t\t\/\/ Runs google maps\t\n\t\t\t\t\tjQuery(function() {\n\t\t\t\t\t\tjQuery(\"#map-953829\").rt_maps([[\"Estepona - Buenas Noches\", 36.386028, -5.207975, 4,\"Absolute Estepona\"],],10); \n\t\t\t\t\t});\n\t\t\t\/* ]]> *\/\t\n\t\t\t<\/script>\n\n\t\t<\/div><div class=\"vc_empty_space\"   style=\"height: 90px\"><span class=\"vc_empty_space_inner\"><\/span><\/div><div class=\"rt_quote\"  >\n\t\t\t\t\t\t\t<p>\n\t\t\t\t\t\t\t\t<span class=\"icon-quote-left\"><\/span>\n\t\t\t\t\t\t\t\t<\/p>\n<p id=\"tw-target-text\" class=\"tw-data-text tw-text-large tw-ta\" dir=\"ltr\" data-placeholder=\"Vertaling\" data-ved=\"2ahUKEwjrwKua7ISEAxXezgIHHeULBkAQ3ewLegQIBRAQ\"><span class=\"Y2IQFc\" lang=\"nl\">Ein Ort, an dem Sie die Umgebung, die Ruhe, das Leben in den umliegenden St\u00e4dten und D\u00f6rfern und die Exklusivit\u00e4t einer einzigartigen Enklave genie\u00dfen k\u00f6nnen.<\/span><\/p>\n<p>\n\t\t\t\t\t\t\t\t<span class=\"icon-quote-right\"><\/span>\n\t\t\t\t\t\t\t<\/p>\n\t\t\t\t\t\t\t\n\t\t\t\t\t<\/div>\n\t\t<\/div>\n\t<\/div>\n\t<\/div>\n\n<\/div>\n<\/div>\n\n<div  class=\"content_row row vc_row wpb_row  default-style fullwidth\" >\n\t\n\t<div class=\"content_row_wrapper  default\" >\n\t<div id=\"asdasd\" class=\"vc_col-sm-12 wpb_column vc_column_container\" >\n\t<div class=\"vc_column-inner\">\n\t\t<div class=\"wpb_wrapper\" >\n\t\t\t\n\t\t<div  class=\"info_box margin-b20 clearfix announcement announcement\" data-rt-animate=\"animate\" data-rt-animation-type=\"fadeInDown\" data-rt-animation-group=\"single\">\n\t\t\t<span class=\"icon-cancel\"><\/span>\n\t\t\t<p class=\"icon-megaphone-1\">\n\t\t\t\t<\/p>\n<ul>\n<li>Strand und Meer \u2013 500 Meter)<\/li>\n<li>Flughafen Malaga \u2013 85 km<\/li>\n<li>Flughafen Gibraltar \u2013 45 km<\/li>\n<li>Bushaltestelle \u2013 verschiedene Haltestellen 200-500 Meter<\/li>\n<li>Supermarkt \u2013 verschiedene Superm\u00e4rkte 1-3 km<\/li>\n<li>Restaurant \u2013 verschiedene Restaurants 1-2 km<\/li>\n<li>Krankenhaus \u2013 3 Krankenh\u00e4user 3-6 km<\/li>\n<\/ul>\n<p>\n\t\t\t<\/p>\n\t\t<\/div>\n\t\n\t\t<\/div>\n\t<\/div>\n\t<\/div>\n\n<\/div>\n<\/div>\n<\/section>","protected":false},"excerpt":{"rendered":"<p>\u2026 <a class=\"more-link\" href=\"https:\/\/absolute-estepona.info\/de\/standort\/\">Weiterlesen<\/a><\/p>","protected":false},"author":1,"featured_media":4518,"parent":0,"menu_order":5,"comment_status":"closed","ping_status":"closed","template":"","meta":{"footnotes":""},"class_list":["post-97","page","type-page","status-publish","has-post-thumbnail","hentry"],"yoast_head":"<!-- This site is optimized with the Yoast SEO plugin v26.0 - https:\/\/yoast.com\/wordpress\/plugins\/seo\/ -->\n<title>Locatie - Absolute Estepona<\/title>\n<meta name=\"robots\" content=\"index, follow, max-snippet:-1, max-image-preview:large, max-video-preview:-1\" \/>\n<link rel=\"canonical\" href=\"https:\/\/absolute-estepona.info\/de\/standort\/\" \/>\n<meta property=\"og:locale\" content=\"de_DE\" \/>\n<meta property=\"og:type\" content=\"article\" \/>\n<meta property=\"og:title\" content=\"Locatie - Absolute Estepona\" \/>\n<meta property=\"og:url\" content=\"https:\/\/absolute-estepona.info\/de\/standort\/\" \/>\n<meta property=\"og:site_name\" content=\"Absolute Estepona\" \/>\n<meta property=\"article:modified_time\" content=\"2025-03-11T10:08:48+00:00\" \/>\n<meta property=\"og:image\" content=\"https:\/\/absolute-estepona.info\/wp-content\/uploads\/sites\/39\/2024\/04\/Absolute_Estepona_Object.jpg\" \/>\n\t<meta property=\"og:image:width\" content=\"1024\" \/>\n\t<meta property=\"og:image:height\" content=\"573\" \/>\n\t<meta property=\"og:image:type\" content=\"image\/jpeg\" \/>\n<meta name=\"twitter:card\" content=\"summary_large_image\" \/>\n<meta name=\"twitter:label1\" content=\"Gesch\u00e4tzte Lesezeit\" \/>\n\t<meta name=\"twitter:data1\" content=\"4\u00a0Minuten\" \/>\n<script type=\"application\/ld+json\" class=\"yoast-schema-graph\">{\"@context\":\"https:\/\/schema.org\",\"@graph\":[{\"@type\":\"WebPage\",\"@id\":\"https:\/\/absolute-estepona.info\/locatie\/\",\"url\":\"https:\/\/absolute-estepona.info\/locatie\/\",\"name\":\"Locatie - Absolute Estepona\",\"isPartOf\":{\"@id\":\"https:\/\/absolute-estepona.info\/#website\"},\"primaryImageOfPage\":{\"@id\":\"https:\/\/absolute-estepona.info\/locatie\/#primaryimage\"},\"image\":{\"@id\":\"https:\/\/absolute-estepona.info\/locatie\/#primaryimage\"},\"thumbnailUrl\":\"https:\/\/absolute-estepona.info\/wp-content\/uploads\/sites\/39\/2024\/04\/Absolute_Estepona_Object.jpg\",\"datePublished\":\"2022-01-27T10:58:35+00:00\",\"dateModified\":\"2025-03-11T10:08:48+00:00\",\"breadcrumb\":{\"@id\":\"https:\/\/absolute-estepona.info\/locatie\/#breadcrumb\"},\"inLanguage\":\"de\",\"potentialAction\":[{\"@type\":\"ReadAction\",\"target\":[\"https:\/\/absolute-estepona.info\/locatie\/\"]}]},{\"@type\":\"ImageObject\",\"inLanguage\":\"de\",\"@id\":\"https:\/\/absolute-estepona.info\/locatie\/#primaryimage\",\"url\":\"https:\/\/absolute-estepona.info\/wp-content\/uploads\/sites\/39\/2024\/04\/Absolute_Estepona_Object.jpg\",\"contentUrl\":\"https:\/\/absolute-estepona.info\/wp-content\/uploads\/sites\/39\/2024\/04\/Absolute_Estepona_Object.jpg\",\"width\":1024,\"height\":573},{\"@type\":\"BreadcrumbList\",\"@id\":\"https:\/\/absolute-estepona.info\/locatie\/#breadcrumb\",\"itemListElement\":[{\"@type\":\"ListItem\",\"position\":1,\"name\":\"Home\",\"item\":\"https:\/\/absolute-estepona.info\/\"},{\"@type\":\"ListItem\",\"position\":2,\"name\":\"Locatie\"}]},{\"@type\":\"WebSite\",\"@id\":\"https:\/\/absolute-estepona.info\/#website\",\"url\":\"https:\/\/absolute-estepona.info\/\",\"name\":\"Absolute Estepona\",\"description\":\"A Balcony to the Mediterranean Sea\",\"potentialAction\":[{\"@type\":\"SearchAction\",\"target\":{\"@type\":\"EntryPoint\",\"urlTemplate\":\"https:\/\/absolute-estepona.info\/?s={search_term_string}\"},\"query-input\":{\"@type\":\"PropertyValueSpecification\",\"valueRequired\":true,\"valueName\":\"search_term_string\"}}],\"inLanguage\":\"de\"}]}<\/script>\n<!-- \/ Yoast SEO plugin. -->","yoast_head_json":{"title":"Lage: Absolutes Estepona","robots":{"index":"index","follow":"follow","max-snippet":"max-snippet:-1","max-image-preview":"max-image-preview:large","max-video-preview":"max-video-preview:-1"},"canonical":"https:\/\/absolute-estepona.info\/de\/standort\/","og_locale":"de_DE","og_type":"article","og_title":"Locatie - Absolute Estepona","og_url":"https:\/\/absolute-estepona.info\/de\/standort\/","og_site_name":"Absolute Estepona","article_modified_time":"2025-03-11T10:08:48+00:00","og_image":[{"width":1024,"height":573,"url":"https:\/\/absolute-estepona.info\/wp-content\/uploads\/sites\/39\/2024\/04\/Absolute_Estepona_Object.jpg","type":"image\/jpeg"}],"twitter_card":"summary_large_image","twitter_misc":{"Gesch\u00e4tzte Lesezeit":"4\u00a0Minuten"},"schema":{"@context":"https:\/\/schema.org","@graph":[{"@type":"WebPage","@id":"https:\/\/absolute-estepona.info\/locatie\/","url":"https:\/\/absolute-estepona.info\/locatie\/","name":"Lage: Absolutes Estepona","isPartOf":{"@id":"https:\/\/absolute-estepona.info\/#website"},"primaryImageOfPage":{"@id":"https:\/\/absolute-estepona.info\/locatie\/#primaryimage"},"image":{"@id":"https:\/\/absolute-estepona.info\/locatie\/#primaryimage"},"thumbnailUrl":"https:\/\/absolute-estepona.info\/wp-content\/uploads\/sites\/39\/2024\/04\/Absolute_Estepona_Object.jpg","datePublished":"2022-01-27T10:58:35+00:00","dateModified":"2025-03-11T10:08:48+00:00","breadcrumb":{"@id":"https:\/\/absolute-estepona.info\/locatie\/#breadcrumb"},"inLanguage":"de","potentialAction":[{"@type":"ReadAction","target":["https:\/\/absolute-estepona.info\/locatie\/"]}]},{"@type":"ImageObject","inLanguage":"de","@id":"https:\/\/absolute-estepona.info\/locatie\/#primaryimage","url":"https:\/\/absolute-estepona.info\/wp-content\/uploads\/sites\/39\/2024\/04\/Absolute_Estepona_Object.jpg","contentUrl":"https:\/\/absolute-estepona.info\/wp-content\/uploads\/sites\/39\/2024\/04\/Absolute_Estepona_Object.jpg","width":1024,"height":573},{"@type":"BreadcrumbList","@id":"https:\/\/absolute-estepona.info\/locatie\/#breadcrumb","itemListElement":[{"@type":"ListItem","position":1,"name":"Home","item":"https:\/\/absolute-estepona.info\/"},{"@type":"ListItem","position":2,"name":"Locatie"}]},{"@type":"WebSite","@id":"https:\/\/absolute-estepona.info\/#website","url":"https:\/\/absolute-estepona.info\/","name":"Absolutes Estepona","description":"Ein Balkon zum Mittelmeer","potentialAction":[{"@type":"SearchAction","target":{"@type":"EntryPoint","urlTemplate":"https:\/\/absolute-estepona.info\/?s={search_term_string}"},"query-input":{"@type":"PropertyValueSpecification","valueRequired":true,"valueName":"search_term_string"}}],"inLanguage":"de"}]}},"_links":{"self":[{"href":"https:\/\/absolute-estepona.info\/de\/wp-json\/wp\/v2\/pages\/97","targetHints":{"allow":["GET"]}}],"collection":[{"href":"https:\/\/absolute-estepona.info\/de\/wp-json\/wp\/v2\/pages"}],"about":[{"href":"https:\/\/absolute-estepona.info\/de\/wp-json\/wp\/v2\/types\/page"}],"author":[{"embeddable":true,"href":"https:\/\/absolute-estepona.info\/de\/wp-json\/wp\/v2\/users\/1"}],"replies":[{"embeddable":true,"href":"https:\/\/absolute-estepona.info\/de\/wp-json\/wp\/v2\/comments?post=97"}],"version-history":[{"count":33,"href":"https:\/\/absolute-estepona.info\/de\/wp-json\/wp\/v2\/pages\/97\/revisions"}],"predecessor-version":[{"id":4574,"href":"https:\/\/absolute-estepona.info\/de\/wp-json\/wp\/v2\/pages\/97\/revisions\/4574"}],"wp:featuredmedia":[{"embeddable":true,"href":"https:\/\/absolute-estepona.info\/de\/wp-json\/wp\/v2\/media\/4518"}],"wp:attachment":[{"href":"https:\/\/absolute-estepona.info\/de\/wp-json\/wp\/v2\/media?parent=97"}],"curies":[{"name":"wp","href":"https:\/\/api.w.org\/{rel}","templated":true}]}}