{"id":97,"date":"2022-01-27T10:58:35","date_gmt":"2022-01-27T10:58:35","guid":{"rendered":"http:\/\/cognito.mprinsdesign.nl\/?page_id=97"},"modified":"2025-03-11T10:08:48","modified_gmt":"2025-03-11T10:08:48","slug":"umisteni","status":"publish","type":"page","link":"https:\/\/absolute-estepona.info\/cs\/umisteni\/","title":{"rendered":"Um\u00edst\u011bn\u00ed"},"content":{"rendered":"<section class=\"wpb-content-wrapper\"><div  class=\"content_row row page-content vc_row wpb_row  default-style fullwidth\" >\n\t\n\t<div class=\"content_row_wrapper  default\" >\n\t<div id=\"asdasd\" class=\"vc_col-sm-12 wpb_column vc_column_container\" >\n\t<div class=\"vc_column-inner\">\n\t\t<div class=\"wpb_wrapper\" >\n\t\t\t<div class=\"rt_heading_wrapper no-style\">\n\t\t\t\t\t\t<h1 class=\"rt_heading  no-style\"  style=\"font-size:24px;margin-top:24px;margin-bottom:0px;\">M\u00edsto - <span class=\"after_h1\">Absolutn\u00ed Estepona<\/span><\/h1> \n\t\t\t\t\t<\/div><div class=\"vc_empty_space\"   style=\"height: 32px\"><span class=\"vc_empty_space_inner\"><\/span><\/div><div class=\"vc_separator wpb_content_element vc_separator_align_center vc_sep_width_100 vc_sep_style-4 vc_sep_pos_align_center vc_separator_no_text vc_sep_color_grey\" ><span class=\"vc_sep_holder vc_sep_holder_l\"><span class=\"vc_sep_line\"><\/span><\/span><span class=\"vc_sep_holder vc_sep_holder_r\"><span class=\"vc_sep_line\"><\/span><\/span>\n<\/div>\n\t<div class=\"wpb_text_column wpb_content_element\" >\n\t\t<div class=\"wpb_wrapper\">\n\t\t\t<p><strong>Absolute Estepona se nach\u00e1z\u00ed na ide\u00e1ln\u00edm m\u00edst\u011b. Nab\u00edz\u00ed jedine\u010dn\u00fd \u017eivotn\u00ed styl, kter\u00fd kombinuje klid a pohodu reziden\u010dn\u00ed \u010dtvrti s pohodl\u00edm bl\u00edzkosti ve\u0161ker\u00e9ho vybaven\u00ed a atrakc\u00ed, kter\u00e9 Estepona a Costa del Sol nab\u00edz\u00ed. Je ide\u00e1ln\u00ed pro ty, kte\u0159\u00ed hledaj\u00ed trval\u00e9 bydlen\u00ed, rekrea\u010dn\u00ed d\u016fm nebo investici do nemovitosti. Jeho bl\u00edzkost ke golfov\u00fdm h\u0159i\u0161t\u00edm, pl\u00e1\u017e\u00edm a okouzluj\u00edc\u00edmu m\u011bste\u010dku Estepona je obzvl\u00e1\u0161t\u011b atraktivn\u00ed.<\/strong><\/p>\n<p><strong>Pl\u00e1\u017ee a pob\u0159e\u017e\u00ed Absolute Estepona<\/strong><\/p>\n<p><em>Pl\u00e1\u017ee:<\/em> Projekt m\u00e1 v\u00fdhodnou polohu v bl\u00edzkosti n\u011bkolika kr\u00e1sn\u00fdch pl\u00e1\u017e\u00ed. V bl\u00edzkosti:<\/p>\n<ul>\n<li>Playa de Guadalob\u00f3n: Ti\u0161\u0161\u00ed, p\u0159irozen\u011bj\u0161\u00ed pl\u00e1\u017e, ide\u00e1ln\u00ed pro relaxaci.<\/li>\n<li>Playa del Cristo: Obl\u00edben\u00e1 chr\u00e1n\u011bn\u00e1 z\u00e1toka s klidn\u00fdmi vodami, ide\u00e1ln\u00ed pro rodiny.<\/li>\n<li>Playa de la Rada: hlavn\u00ed pl\u00e1\u017e Estepony, dlouh\u00fd \u00fasek p\u00edsku s \u010detn\u00fdmi chiringuitos (pl\u00e1\u017eov\u00fdmi bary) a restauracemi. (To je bl\u00ed\u017ee k centru Estepony, ale st\u00e1le dostupn\u00e9).<\/li>\n<\/ul>\n<p><em>Marina:<\/em> Estepona Marina je snadno dostupn\u00e1 a nab\u00edz\u00ed v\u00fdlety lod\u00ed, vodn\u00ed sporty a \u017eivou atmosf\u00e9ru s restauracemi a bary.<\/p>\n<p><strong>Golfov\u00e1 h\u0159i\u0161t\u011b za rohem<\/strong><\/p>\n<ul>\n<li>Valle Romano Golf &amp; Resort: Slavn\u00fd Valle Romano Golf &amp; Resort je prakticky na dosah ruky a nab\u00edz\u00ed 18jamkov\u00e9 mistrovsk\u00e9 h\u0159i\u0161t\u011b a vynikaj\u00edc\u00ed z\u00e1zem\u00ed.<\/li>\n<li>Estepona Golf: Nach\u00e1z\u00ed se tak\u00e9 pobl\u00ed\u017e a je zn\u00e1m\u00fd sv\u00fdm n\u00e1ro\u010dn\u00fdm uspo\u0159\u00e1d\u00e1n\u00edm a kr\u00e1sn\u00fdmi v\u00fdhledy.<\/li>\n<li>Azata Golf: Toto pom\u011brn\u011b nov\u00e9 golfov\u00e9 h\u0159i\u0161t\u011b je tak\u00e9 bl\u00edzko Absolute Estepona.<\/li>\n<\/ul>\n<p>V okol\u00ed je mnoho dal\u0161\u00edch golfov\u00fdch h\u0159i\u0161\u0165, v\u010detn\u011b slavn\u00fdch golfov\u00fdch h\u0159i\u0161\u0165 Valderrama.<\/p>\n<p><strong>Vybaven\u00ed a slu\u017eby:<\/strong><\/p>\n<ul>\n<li>Supermarkety: N\u011bkolik supermarket\u016f (Mercadona, Lidl, Aldi, Carrefour Express) je v dosahu kr\u00e1tk\u00e9 j\u00edzdy, co\u017e usnad\u0148uje nakupov\u00e1n\u00ed.<\/li>\n<li>Restaurace a bary: K dispozici je \u0161irok\u00e1 \u0161k\u00e1la mo\u017enost\u00ed stravov\u00e1n\u00ed, od tradi\u010dn\u00edch \u0161pan\u011blsk\u00fdch tapas bar\u016f a\u017e po mezin\u00e1rodn\u00ed kuchyni, a to jak v bezprost\u0159edn\u00ed bl\u00edzkosti, tak v nedalek\u00e9m centru m\u011bsta Estepona.<\/li>\n<li>Obchody: Centrum Estepony nab\u00edz\u00ed \u0159adu obchod\u016f v\u010detn\u011b butik\u016f, obchod\u016f s oble\u010den\u00edm a obchod\u016f se suven\u00fdry.<\/li>\n<li>Zdravotn\u00ed p\u00e9\u010de: Hospital de Estepona (ve\u0159ejn\u00e1 nemocnice) a n\u011bkolik soukrom\u00fdch klinik jsou snadno dostupn\u00e9.<\/li>\n<li>\u0160koly: N\u011bkolik \u0161kol, \u0161pan\u011blsk\u00fdch i mezin\u00e1rodn\u00edch, se nach\u00e1z\u00ed v oblasti Estepona.<\/li>\n<li>Ostatn\u00ed: L\u00e9k\u00e1rny, banky a dal\u0161\u00ed z\u00e1kladn\u00ed slu\u017eby jsou snadno dostupn\u00e9.<\/li>\n<\/ul>\n<p><strong>Voln\u00fd \u010das a rekreace:<\/strong><\/p>\n<ul>\n<li>Selwo Aventura: Velk\u00fd p\u0159\u00edrodn\u00ed park, hlavn\u00ed atrakce pro rodiny (je to trochu d\u00e1l, ale hlavn\u00ed l\u00e1kadlo pro tuto oblast).<\/li>\n<li>Proch\u00e1zky a p\u0159\u00edroda: Poho\u0159\u00ed Sierra Bermeja nab\u00edz\u00ed p\u0159\u00edle\u017eitosti k proch\u00e1zk\u00e1m a u\u017e\u00edv\u00e1n\u00ed si p\u0159\u00edrodn\u00edch kr\u00e1s regionu.<\/li>\n<li>Star\u00e9 m\u011bsto Estepona: Okouzluj\u00edc\u00ed historick\u00e9 centrum Estepony s \u00fazk\u00fdmi uli\u010dkami, n\u00e1m\u011bst\u00edmi pln\u00fdmi kv\u011btin a tradi\u010dn\u00ed andaluskou architekturou stoj\u00ed za prozkoum\u00e1n\u00ed.<\/li>\n<li>Orchidarium Estepona: Kr\u00e1sn\u00e1 botanick\u00e1 zahrada s velkou sb\u00edrkou orchidej\u00ed.<\/li>\n<li>Laguna Village 2.0: Nejv\u011bt\u0161\u00ed \u0161pan\u011blsk\u00fd luxusn\u00ed pl\u00e1\u017eov\u00fd klub v Estepon\u011b. P\u016fvodn\u00ed n\u00e1kupn\u00ed centrum Laguna Village v Estepon\u011b bylo zni\u010deno po\u017e\u00e1rem v roce 2020. S milionovou investic\u00ed vznikl \u201enejv\u011bt\u0161\u00ed \u0161pan\u011blsk\u00fd luxusn\u00ed klub\u201c. P\u0159edstavovat jachta\u0159sk\u00fd klub, pl\u00e1\u017eov\u00fd klub, d\u011btsk\u00fd r\u00e1j, klub restaurac\u00ed, maloobchod, z\u00e1bavu a nakupov\u00e1n\u00ed s dal\u0161\u00edmi z\u00e1\u017eitky.<\/li>\n<\/ul>\n<p><strong>Doprava a dostupnost:<\/strong><\/p>\n<ul>\n<li>Silni\u010dn\u00ed p\u0159\u00edstup: Projekt t\u011b\u017e\u00ed z dobr\u00e9ho silni\u010dn\u00edho spojen\u00ed se snadn\u00fdm p\u0159\u00edstupem k pob\u0159e\u017en\u00ed silnici A-7, d\u00edky \u010demu\u017e se snadno dostanete do dal\u0161\u00edch m\u011bst na pob\u0159e\u017e\u00ed Costa del Sol, v\u010detn\u011b Marbelly, Puerto Ban\u00fas a leti\u0161t\u011b M\u00e1laga (AGP).<\/li>\n<li>Ve\u0159ejn\u00e1 doprava: M\u00edstn\u00ed autobusov\u00e1 doprava spojuje oblast s centrem m\u011bsta Estepona a dal\u0161\u00edmi bl\u00edzk\u00fdmi m\u00edsty.<\/li>\n<\/ul>\n\n\t\t<\/div>\n\t<\/div>\n\n\t\t<\/div>\n\t<\/div>\n\t<\/div>\n\n<\/div>\n<\/div>\n\n<div  class=\"content_row row room-list vc_row wpb_row  default-style fullwidth\" >\n\t\n\t<div class=\"content_row_wrapper  fullwidth\" >\n\t<div id=\"asdasd\" class=\"vc_col-sm-12 wpb_column vc_column_container\" >\n\t<div class=\"vc_column-inner\">\n\t\t<div class=\"wpb_wrapper\" >\n\t\t\t<div class=\"google_map_holder\" data-height=\"300\" data-scope=\"#map-480206\" data-bw=\"\">\n\n\t\t\t<div id=\"map-480206\" class=\"google_map\"><\/div>\n\t\t\t<script type=\"text\/javascript\">\n\t\t\t \/* <![CDATA[ *\/ \n\t\t\t\t\/\/ Runs google maps\t\n\t\t\t\t\tjQuery(function() {\n\t\t\t\t\t\tjQuery(\"#map-480206\").rt_maps([[\"Estepona - Buenas Noches\", 36.386028, -5.207975, 4,\"Absolute Estepona\"],],10); \n\t\t\t\t\t});\n\t\t\t\/* ]]> *\/\t\n\t\t\t<\/script>\n\n\t\t<\/div><div class=\"vc_empty_space\"   style=\"height: 90px\"><span class=\"vc_empty_space_inner\"><\/span><\/div><div class=\"rt_quote\"  >\n\t\t\t\t\t\t\t<p>\n\t\t\t\t\t\t\t\t<span class=\"icon-quote-left\"><\/span>\n\t\t\t\t\t\t\t\t<\/p>\n<p id=\"tw-target-text\" class=\"tw-data-text tw-text-large tw-ta\" dir=\"ltr\" data-placeholder=\"Vertaling\" data-ved=\"2ahUKEwjrwKua7ISEAxXezgIHHeULBkAQ3ewLegQIBRAQ\"><span class=\"Y2IQFc\" lang=\"nl\">M\u00edsto, kde si u\u017eijete okol\u00ed, klid, \u017eivot okoln\u00edch m\u011bst a vesnic a exkluzivitu jedine\u010dn\u00e9 enkl\u00e1vy.<\/span><\/p>\n<p>\n\t\t\t\t\t\t\t\t<span class=\"icon-quote-right\"><\/span>\n\t\t\t\t\t\t\t<\/p>\n\t\t\t\t\t\t\t\n\t\t\t\t\t<\/div>\n\t\t<\/div>\n\t<\/div>\n\t<\/div>\n\n<\/div>\n<\/div>\n\n<div  class=\"content_row row vc_row wpb_row  default-style fullwidth\" >\n\t\n\t<div class=\"content_row_wrapper  default\" >\n\t<div id=\"asdasd\" class=\"vc_col-sm-12 wpb_column vc_column_container\" >\n\t<div class=\"vc_column-inner\">\n\t\t<div class=\"wpb_wrapper\" >\n\t\t\t\n\t\t<div  class=\"info_box margin-b20 clearfix announcement announcement\" data-rt-animate=\"animate\" data-rt-animation-type=\"fadeInDown\" data-rt-animation-group=\"single\">\n\t\t\t<span class=\"icon-cancel\"><\/span>\n\t\t\t<p class=\"icon-megaphone-1\">\n\t\t\t\t<\/p>\n<ul>\n<li>Pl\u00e1\u017e a mo\u0159e \u2013 500 metr\u016f)<\/li>\n<li>Leti\u0161t\u011b Malaga \u2013 85 km<\/li>\n<li>Leti\u0161t\u011b Gibraltar \u2013 45 km<\/li>\n<li>Autobusov\u00e1 zast\u00e1vka \u2013 r\u016fzn\u00e9 zast\u00e1vky 200-500 metr\u016f<\/li>\n<li>Supermarket \u2013 r\u016fzn\u00e9 supermarkety 1-3 km<\/li>\n<li>Restaurace \u2013 r\u016fzn\u00e9 restaurace 1-2 km<\/li>\n<li>Nemocnice \u2013 3 nemocnice 3-6 km<\/li>\n<\/ul>\n<p>\n\t\t\t<\/p>\n\t\t<\/div>\n\t\n\t\t<\/div>\n\t<\/div>\n\t<\/div>\n\n<\/div>\n<\/div>\n<\/section>","protected":false},"excerpt":{"rendered":"<p>\u2026 <a class=\"more-link\" href=\"https:\/\/absolute-estepona.info\/cs\/umisteni\/\">pokra\u010dovat ve \u010dten\u00ed<\/a><\/p>","protected":false},"author":1,"featured_media":4518,"parent":0,"menu_order":5,"comment_status":"closed","ping_status":"closed","template":"","meta":{"footnotes":""},"class_list":["post-97","page","type-page","status-publish","has-post-thumbnail","hentry"],"yoast_head":"<!-- This site is optimized with the Yoast SEO plugin v26.0 - https:\/\/yoast.com\/wordpress\/plugins\/seo\/ -->\n<title>Locatie - Absolute Estepona<\/title>\n<meta name=\"robots\" content=\"index, follow, max-snippet:-1, max-image-preview:large, max-video-preview:-1\" \/>\n<link rel=\"canonical\" href=\"https:\/\/absolute-estepona.info\/cs\/umisteni\/\" \/>\n<meta property=\"og:locale\" content=\"cs_CZ\" \/>\n<meta property=\"og:type\" content=\"article\" \/>\n<meta property=\"og:title\" content=\"Locatie - Absolute Estepona\" \/>\n<meta property=\"og:url\" content=\"https:\/\/absolute-estepona.info\/cs\/umisteni\/\" \/>\n<meta property=\"og:site_name\" content=\"Absolute Estepona\" \/>\n<meta property=\"article:modified_time\" content=\"2025-03-11T10:08:48+00:00\" \/>\n<meta property=\"og:image\" content=\"https:\/\/absolute-estepona.info\/wp-content\/uploads\/sites\/39\/2024\/04\/Absolute_Estepona_Object.jpg\" \/>\n\t<meta property=\"og:image:width\" content=\"1024\" \/>\n\t<meta property=\"og:image:height\" content=\"573\" \/>\n\t<meta property=\"og:image:type\" content=\"image\/jpeg\" \/>\n<meta name=\"twitter:card\" content=\"summary_large_image\" \/>\n<meta name=\"twitter:label1\" content=\"Odhadovan\u00e1 doba \u010dten\u00ed\" \/>\n\t<meta name=\"twitter:data1\" content=\"4 minuty\" \/>\n<script type=\"application\/ld+json\" class=\"yoast-schema-graph\">{\"@context\":\"https:\/\/schema.org\",\"@graph\":[{\"@type\":\"WebPage\",\"@id\":\"https:\/\/absolute-estepona.info\/locatie\/\",\"url\":\"https:\/\/absolute-estepona.info\/locatie\/\",\"name\":\"Locatie - Absolute Estepona\",\"isPartOf\":{\"@id\":\"https:\/\/absolute-estepona.info\/#website\"},\"primaryImageOfPage\":{\"@id\":\"https:\/\/absolute-estepona.info\/locatie\/#primaryimage\"},\"image\":{\"@id\":\"https:\/\/absolute-estepona.info\/locatie\/#primaryimage\"},\"thumbnailUrl\":\"https:\/\/absolute-estepona.info\/wp-content\/uploads\/sites\/39\/2024\/04\/Absolute_Estepona_Object.jpg\",\"datePublished\":\"2022-01-27T10:58:35+00:00\",\"dateModified\":\"2025-03-11T10:08:48+00:00\",\"breadcrumb\":{\"@id\":\"https:\/\/absolute-estepona.info\/locatie\/#breadcrumb\"},\"inLanguage\":\"cs\",\"potentialAction\":[{\"@type\":\"ReadAction\",\"target\":[\"https:\/\/absolute-estepona.info\/locatie\/\"]}]},{\"@type\":\"ImageObject\",\"inLanguage\":\"cs\",\"@id\":\"https:\/\/absolute-estepona.info\/locatie\/#primaryimage\",\"url\":\"https:\/\/absolute-estepona.info\/wp-content\/uploads\/sites\/39\/2024\/04\/Absolute_Estepona_Object.jpg\",\"contentUrl\":\"https:\/\/absolute-estepona.info\/wp-content\/uploads\/sites\/39\/2024\/04\/Absolute_Estepona_Object.jpg\",\"width\":1024,\"height\":573},{\"@type\":\"BreadcrumbList\",\"@id\":\"https:\/\/absolute-estepona.info\/locatie\/#breadcrumb\",\"itemListElement\":[{\"@type\":\"ListItem\",\"position\":1,\"name\":\"Home\",\"item\":\"https:\/\/absolute-estepona.info\/\"},{\"@type\":\"ListItem\",\"position\":2,\"name\":\"Locatie\"}]},{\"@type\":\"WebSite\",\"@id\":\"https:\/\/absolute-estepona.info\/#website\",\"url\":\"https:\/\/absolute-estepona.info\/\",\"name\":\"Absolute Estepona\",\"description\":\"A Balcony to the Mediterranean Sea\",\"potentialAction\":[{\"@type\":\"SearchAction\",\"target\":{\"@type\":\"EntryPoint\",\"urlTemplate\":\"https:\/\/absolute-estepona.info\/?s={search_term_string}\"},\"query-input\":{\"@type\":\"PropertyValueSpecification\",\"valueRequired\":true,\"valueName\":\"search_term_string\"}}],\"inLanguage\":\"cs\"}]}<\/script>\n<!-- \/ Yoast SEO plugin. -->","yoast_head_json":{"title":"M\u00edsto - Absolute Estepona","robots":{"index":"index","follow":"follow","max-snippet":"max-snippet:-1","max-image-preview":"max-image-preview:large","max-video-preview":"max-video-preview:-1"},"canonical":"https:\/\/absolute-estepona.info\/cs\/umisteni\/","og_locale":"cs_CZ","og_type":"article","og_title":"Locatie - Absolute Estepona","og_url":"https:\/\/absolute-estepona.info\/cs\/umisteni\/","og_site_name":"Absolute Estepona","article_modified_time":"2025-03-11T10:08:48+00:00","og_image":[{"width":1024,"height":573,"url":"https:\/\/absolute-estepona.info\/wp-content\/uploads\/sites\/39\/2024\/04\/Absolute_Estepona_Object.jpg","type":"image\/jpeg"}],"twitter_card":"summary_large_image","twitter_misc":{"Odhadovan\u00e1 doba \u010dten\u00ed":"4 minuty"},"schema":{"@context":"https:\/\/schema.org","@graph":[{"@type":"WebPage","@id":"https:\/\/absolute-estepona.info\/locatie\/","url":"https:\/\/absolute-estepona.info\/locatie\/","name":"M\u00edsto - Absolute Estepona","isPartOf":{"@id":"https:\/\/absolute-estepona.info\/#website"},"primaryImageOfPage":{"@id":"https:\/\/absolute-estepona.info\/locatie\/#primaryimage"},"image":{"@id":"https:\/\/absolute-estepona.info\/locatie\/#primaryimage"},"thumbnailUrl":"https:\/\/absolute-estepona.info\/wp-content\/uploads\/sites\/39\/2024\/04\/Absolute_Estepona_Object.jpg","datePublished":"2022-01-27T10:58:35+00:00","dateModified":"2025-03-11T10:08:48+00:00","breadcrumb":{"@id":"https:\/\/absolute-estepona.info\/locatie\/#breadcrumb"},"inLanguage":"cs","potentialAction":[{"@type":"ReadAction","target":["https:\/\/absolute-estepona.info\/locatie\/"]}]},{"@type":"ImageObject","inLanguage":"cs","@id":"https:\/\/absolute-estepona.info\/locatie\/#primaryimage","url":"https:\/\/absolute-estepona.info\/wp-content\/uploads\/sites\/39\/2024\/04\/Absolute_Estepona_Object.jpg","contentUrl":"https:\/\/absolute-estepona.info\/wp-content\/uploads\/sites\/39\/2024\/04\/Absolute_Estepona_Object.jpg","width":1024,"height":573},{"@type":"BreadcrumbList","@id":"https:\/\/absolute-estepona.info\/locatie\/#breadcrumb","itemListElement":[{"@type":"ListItem","position":1,"name":"Home","item":"https:\/\/absolute-estepona.info\/"},{"@type":"ListItem","position":2,"name":"Locatie"}]},{"@type":"WebSite","@id":"https:\/\/absolute-estepona.info\/#website","url":"https:\/\/absolute-estepona.info\/","name":"Absolutn\u00ed Estepona","description":"Balkon ke St\u0159edozemn\u00edmu mo\u0159i","potentialAction":[{"@type":"SearchAction","target":{"@type":"EntryPoint","urlTemplate":"https:\/\/absolute-estepona.info\/?s={search_term_string}"},"query-input":{"@type":"PropertyValueSpecification","valueRequired":true,"valueName":"search_term_string"}}],"inLanguage":"cs"}]}},"_links":{"self":[{"href":"https:\/\/absolute-estepona.info\/cs\/wp-json\/wp\/v2\/pages\/97","targetHints":{"allow":["GET"]}}],"collection":[{"href":"https:\/\/absolute-estepona.info\/cs\/wp-json\/wp\/v2\/pages"}],"about":[{"href":"https:\/\/absolute-estepona.info\/cs\/wp-json\/wp\/v2\/types\/page"}],"author":[{"embeddable":true,"href":"https:\/\/absolute-estepona.info\/cs\/wp-json\/wp\/v2\/users\/1"}],"replies":[{"embeddable":true,"href":"https:\/\/absolute-estepona.info\/cs\/wp-json\/wp\/v2\/comments?post=97"}],"version-history":[{"count":33,"href":"https:\/\/absolute-estepona.info\/cs\/wp-json\/wp\/v2\/pages\/97\/revisions"}],"predecessor-version":[{"id":4574,"href":"https:\/\/absolute-estepona.info\/cs\/wp-json\/wp\/v2\/pages\/97\/revisions\/4574"}],"wp:featuredmedia":[{"embeddable":true,"href":"https:\/\/absolute-estepona.info\/cs\/wp-json\/wp\/v2\/media\/4518"}],"wp:attachment":[{"href":"https:\/\/absolute-estepona.info\/cs\/wp-json\/wp\/v2\/media?parent=97"}],"curies":[{"name":"wp","href":"https:\/\/api.w.org\/{rel}","templated":true}]}}